{"id":1117,"date":"2022-08-22T18:18:13","date_gmt":"2022-08-22T21:18:13","guid":{"rendered":"https:\/\/tonicorrea.com.br\/?page_id=1117"},"modified":"2022-08-22T18:18:13","modified_gmt":"2022-08-22T21:18:13","slug":"servicos-2","status":"publish","type":"page","link":"https:\/\/tonicorrea.com.br\/index.php\/servicos-2\/","title":{"rendered":"Servi\u00e7os"},"content":{"rendered":"\n<figure class=\"wp-block-image alignwide size-full\"><img decoding=\"async\" src=\"http:\/\/tonicorrea.com.br\/wp-content\/uploads\/2022\/08\/fotos_paginas_tc-serv.png\" alt=\"\" class=\"wp-image-1127\"\/><\/figure>\n\n\n\n<p>Na \u00e1rea de servi\u00e7os de comunica\u00e7\u00e3o, mais especificamente na comunica\u00e7\u00e3o e express\u00e3o verbal e corporal, com \u00eanfase no aperfei\u00e7oamento da fala, atuamos em quatro frentes que podem ser utilizadas de forma distintas ou interligadas, sendo que todas elas visam a efic\u00e1cia na arte de falar em p\u00fablico.<\/p>\n\n\n\n<p>Um dos primeiros focos a ser atacado dentro desta meta, \u00e9 o dom\u00ednio do medo de falar em p\u00fablico e depois o dom\u00ednio de v\u00e1rias t\u00e9cnicas modernas de comunica\u00e7\u00e3o e express\u00e3o, basicamente na busca de melhorar a qualidade da fala, o conte\u00fado, os gestos e a postura.<\/p>\n\n\n\n<p>Dentro desta \u00e1rea da comunica\u00e7\u00e3o, atuamos com:<\/p>\n\n\n\n<p><strong>Palestras<\/strong><\/p>\n\n\n\n<p>Consiste em abordagens de temas de comunica\u00e7\u00e3o, dentro da orat\u00f3ria e\/ou ret\u00f3rica, com dura\u00e7\u00e3o entre 40 e 80 minutos, com ou sem espa\u00e7o para tirar d\u00favidas, que podem ser realizadas de forma aberta ou in compay.<\/p>\n\n\n\n<p><strong>Mentoria<\/strong><\/p>\n\n\n\n<p>Com dura\u00e7\u00e3o m\u00ednima de 12 horas\/aula, visa o aperfei\u00e7oamento da orat\u00f3ria e ret\u00f3rica, realizados de forma pr\u00e1tica dentro da vis\u00e3o do \u201cmelhorar praticando\u201d, ministrado individualmente.<\/p>\n\n\n\n<p>Programa realizado exclusivamente para aquelas pessoas que reconhecem suas dificuldades com a comunica\u00e7\u00e3o e desejam resolver este problema de forma discreta, quase an\u00f4nima em em curso prazo.<\/p>\n\n\n\n<p><strong>Cursos<\/strong><\/p>\n\n\n\n<p>Tamb\u00e9m com dura\u00e7\u00e3o m\u00ednima de 12 horas\/aula, com metodologia que engloba teoria, exerc\u00edcios pr\u00e1ticos e &#8220;tira d\u00favidas&#8221;, tem como objetivo a capacita\u00e7\u00e3o dos participantes e\/ou aperfei\u00e7oamento com rela\u00e7\u00e3o \u00e0 orat\u00f3ria e \u00e0 ret\u00f3rica.<\/p>\n\n\n\n<p><strong>Consultoria<\/strong><\/p>\n\n\n\n<p>\u00c9 o instrumento utilizado, basicamente, para avaliar problemas de comunica\u00e7\u00e3o de grupos e organiza\u00e7\u00f5es, para ao final, apresentar alternativas para a melhoria da comunica\u00e7\u00e3o.<\/p>\n\n\n\n<p>Existem diversas formas de contrata\u00e7\u00e3o, seja em servi\u00e7os individuais ou coletivos, bem como em evento \u00fanico ou um pacote de servi\u00e7os, que evidentemente, ganham em termos de investimento. O que persiste, por estar no topo dos objetivos da empresa, \u00e9 a qualidade dos servi\u00e7os prestados.<\/p>\n\n\n\n<p>Nossos servi\u00e7os nesta \u00e1rea da comunica\u00e7\u00e3o t\u00eam tido excelentes resultados individuais e\/ou coletivos, com investimento compat\u00edvel com a realidade do mercado e resultados que tem mudado a vida de participantes, tanto no aspecto pessoal quanto profissional, melhorando tamb\u00e9m a autoestima e as rela\u00e7\u00f5es interpessoais.<\/p>\n\n\n\n<p><strong>Fale conosco!<\/strong><\/p>\n","protected":false},"excerpt":{"rendered":"<p>Na \u00e1rea de servi\u00e7os de comunica\u00e7\u00e3o, mais especificamente na comunica\u00e7\u00e3o e express\u00e3o verbal e corporal, com \u00eanfase no aperfei\u00e7oamento da fala, atuamos em quatro frentes que podem ser utilizadas de forma distintas ou interligadas, sendo que todas elas visam a efic\u00e1cia na arte de falar em p\u00fablico. Um dos primeiros focos a ser atacado dentro&hellip;&nbsp;<a href=\"https:\/\/tonicorrea.com.br\/index.php\/servicos-2\/\" rel=\"bookmark\"><span class=\"screen-reader-text\">Servi\u00e7os<\/span><\/a><\/p>\n","protected":false},"author":2,"featured_media":0,"parent":0,"menu_order":0,"comment_status":"closed","ping_status":"closed","template":"","meta":{"neve_meta_sidebar":"","neve_meta_container":"","neve_meta_enable_content_width":"","neve_meta_content_width":0,"neve_meta_title_alignment":"","neve_meta_author_avatar":"","neve_post_elements_order":"","neve_meta_disable_header":"","neve_meta_disable_footer":"","neve_meta_disable_title":"","footnotes":""},"class_list":["post-1117","page","type-page","status-publish","hentry"],"_links":{"self":[{"href":"https:\/\/tonicorrea.com.br\/index.php\/wp-json\/wp\/v2\/pages\/1117","targetHints":{"allow":["GET"]}}],"collection":[{"href":"https:\/\/tonicorrea.com.br\/index.php\/wp-json\/wp\/v2\/pages"}],"about":[{"href":"https:\/\/tonicorrea.com.br\/index.php\/wp-json\/wp\/v2\/types\/page"}],"author":[{"embeddable":true,"href":"https:\/\/tonicorrea.com.br\/index.php\/wp-json\/wp\/v2\/users\/2"}],"replies":[{"embeddable":true,"href":"https:\/\/tonicorrea.com.br\/index.php\/wp-json\/wp\/v2\/comments?post=1117"}],"version-history":[{"count":0,"href":"https:\/\/tonicorrea.com.br\/index.php\/wp-json\/wp\/v2\/pages\/1117\/revisions"}],"wp:attachment":[{"href":"https:\/\/tonicorrea.com.br\/index.php\/wp-json\/wp\/v2\/media?parent=1117"}],"curies":[{"name":"wp","href":"https:\/\/api.w.org\/{rel}","templated":true}]}}